{"id":1888,"date":"2017-02-19T22:28:07","date_gmt":"2017-02-19T22:28:07","guid":{"rendered":"http:\/\/www.brannelund.se\/?page_id=1888\/"},"modified":"2017-02-19T22:28:07","modified_gmt":"2017-02-19T22:28:07","slug":"information","status":"publish","type":"page","link":"https:\/\/brannelund.se\/en\/information\/","title":{"rendered":"Information"},"content":{"rendered":"<div class=\"fusion-fullwidth fullwidth-box fusion-builder-row-1 nonhundred-percent-fullwidth non-hundred-percent-height-scrolling\" style=\"background-color: #ffffff;background-position: center center;background-repeat: no-repeat;padding-top:20px;padding-right:0px;padding-bottom:20px;padding-left:0px;margin-bottom: 0px;margin-top: 0px;border-width: 0px 0px 0px 0px;border-color:#eae9e9;border-style:solid;\" ><div class=\"fusion-builder-row fusion-row\"><div class=\"fusion-layout-column fusion_builder_column fusion-builder-column-0 fusion_builder_column_1_1 1_1 fusion-one-full fusion-column-first fusion-column-last\" style=\"margin-top:0px;margin-bottom:20px;\"><div class=\"fusion-column-wrapper fusion-flex-column-wrapper-legacy\" style=\"background-position:left top;background-repeat:no-repeat;-webkit-background-size:cover;-moz-background-size:cover;-o-background-size:cover;background-size:cover;padding: 0px 0px 0px 0px;\"><div class=\"fusion-text fusion-text-1\"><h1>Information<\/h1>\n<\/div><div class=\"fusion-text fusion-text-2\"><h2><strong>Arrival and Departure<\/strong><\/h2>\n<p>Our houses are rented weekly from sunday to sunday and are available from 3.00 pm on the date of arrival.<br \/>\nThey must be vacated no later than 12.00 am on the date of departure. Under the description Our\u00a0Cottages<br \/>\nyou will find our prices.<\/p>\n<h2>Cleaning<\/h2>\n<p>All houses must be cleaned upon departure. Vaccuum and clean all floors. Please shake the<br \/>\nbeds and do the dishes.\u00a0You will find cleaning materials in the house.<\/p>\n<p><strong>We charge you an extra\u00a0800 SEK\u00a0if you want us to clean the house upon your departure.<\/strong><\/p>\n<h2><strong>Garbage<\/strong><\/h2>\n<p>Please use the garbage can on the farm. You will find a sign that says trash on the door of the barn.<\/p>\n<h2>Smoking<\/h2>\n<p>We appreciate that you smoke OUTSIDE. There are a lot of people using these houses so in order<br \/>\nto keep\u00a0them fresh and clean we appreciate that you smoke outside.<\/p>\n<h2><strong>Extra costs<\/strong><\/h2>\n<p>Extra costs that are given in the description of the cottage can be attributed to extra costs<br \/>\nassociated with extra beds, bed linen, boat rentals etc. All extra costs are to be paid directly<br \/>\nwhen in use or on the departure day.<\/p>\n<\/div><div class=\"fusion-clearfix\"><\/div><\/div><\/div><\/div><\/div>\n","protected":false},"excerpt":{"rendered":"","protected":false},"author":1,"featured_media":0,"parent":0,"menu_order":0,"comment_status":"closed","ping_status":"closed","template":"","meta":{"jetpack_post_was_ever_published":false,"footnotes":""},"class_list":["post-1888","page","type-page","status-publish","hentry"],"yoast_head":"<!-- This site is optimized with the Yoast SEO plugin v21.7 - https:\/\/yoast.com\/wordpress\/plugins\/seo\/ -->\n<title>Information - Br\u00e4nnelunds G\u00e5rd<\/title>\n<meta name=\"robots\" content=\"index, follow, max-snippet:-1, max-image-preview:large, max-video-preview:-1\" \/>\n<link rel=\"canonical\" href=\"https:\/\/www.brannelund.se\/en\/information\/\" \/>\n<meta property=\"og:locale\" content=\"en_US\" \/>\n<meta property=\"og:type\" content=\"article\" \/>\n<meta property=\"og:title\" content=\"Information - Br\u00e4nnelunds G\u00e5rd\" \/>\n<meta property=\"og:url\" content=\"https:\/\/www.brannelund.se\/en\/information\/\" \/>\n<meta property=\"og:site_name\" content=\"Br\u00e4nnelunds G\u00e5rd\" \/>\n<meta name=\"twitter:card\" content=\"summary_large_image\" \/>\n<meta name=\"twitter:label1\" content=\"Est. reading time\" \/>\n\t<meta name=\"twitter:data1\" content=\"2 minutes\" \/>\n<script type=\"application\/ld+json\" class=\"yoast-schema-graph\">{\"@context\":\"https:\/\/schema.org\",\"@graph\":[{\"@type\":\"WebPage\",\"@id\":\"https:\/\/www.brannelund.se\/en\/information\/\",\"url\":\"https:\/\/www.brannelund.se\/en\/information\/\",\"name\":\"Information - Br\u00e4nnelunds G\u00e5rd\",\"isPartOf\":{\"@id\":\"https:\/\/brannelund.se\/#website\"},\"datePublished\":\"2017-02-19T22:28:07+00:00\",\"dateModified\":\"2017-02-19T22:28:07+00:00\",\"breadcrumb\":{\"@id\":\"https:\/\/www.brannelund.se\/en\/information\/#breadcrumb\"},\"inLanguage\":\"en-US\",\"potentialAction\":[{\"@type\":\"ReadAction\",\"target\":[\"https:\/\/www.brannelund.se\/en\/information\/\"]}]},{\"@type\":\"BreadcrumbList\",\"@id\":\"https:\/\/www.brannelund.se\/en\/information\/#breadcrumb\",\"itemListElement\":[{\"@type\":\"ListItem\",\"position\":1,\"name\":\"Hem\",\"item\":\"https:\/\/brannelund.se\/en\/\"},{\"@type\":\"ListItem\",\"position\":2,\"name\":\"Information\"}]},{\"@type\":\"WebSite\",\"@id\":\"https:\/\/brannelund.se\/#website\",\"url\":\"https:\/\/brannelund.se\/\",\"name\":\"Br\u00e4nnelunds G\u00e5rd\",\"description\":\"Hyr ditt semesterhus p\u00e5 Br\u00e4nnelunds g\u00e5rd\",\"potentialAction\":[{\"@type\":\"SearchAction\",\"target\":{\"@type\":\"EntryPoint\",\"urlTemplate\":\"https:\/\/brannelund.se\/?s={search_term_string}\"},\"query-input\":\"required name=search_term_string\"}],\"inLanguage\":\"en-US\"}]}<\/script>\n<!-- \/ Yoast SEO plugin. -->","yoast_head_json":{"title":"Information - Br\u00e4nnelunds G\u00e5rd","robots":{"index":"index","follow":"follow","max-snippet":"max-snippet:-1","max-image-preview":"max-image-preview:large","max-video-preview":"max-video-preview:-1"},"canonical":"https:\/\/www.brannelund.se\/en\/information\/","og_locale":"en_US","og_type":"article","og_title":"Information - Br\u00e4nnelunds G\u00e5rd","og_url":"https:\/\/www.brannelund.se\/en\/information\/","og_site_name":"Br\u00e4nnelunds G\u00e5rd","twitter_card":"summary_large_image","twitter_misc":{"Est. reading time":"2 minutes"},"schema":{"@context":"https:\/\/schema.org","@graph":[{"@type":"WebPage","@id":"https:\/\/www.brannelund.se\/en\/information\/","url":"https:\/\/www.brannelund.se\/en\/information\/","name":"Information - Br\u00e4nnelunds G\u00e5rd","isPartOf":{"@id":"https:\/\/brannelund.se\/#website"},"datePublished":"2017-02-19T22:28:07+00:00","dateModified":"2017-02-19T22:28:07+00:00","breadcrumb":{"@id":"https:\/\/www.brannelund.se\/en\/information\/#breadcrumb"},"inLanguage":"en-US","potentialAction":[{"@type":"ReadAction","target":["https:\/\/www.brannelund.se\/en\/information\/"]}]},{"@type":"BreadcrumbList","@id":"https:\/\/www.brannelund.se\/en\/information\/#breadcrumb","itemListElement":[{"@type":"ListItem","position":1,"name":"Hem","item":"https:\/\/brannelund.se\/en\/"},{"@type":"ListItem","position":2,"name":"Information"}]},{"@type":"WebSite","@id":"https:\/\/brannelund.se\/#website","url":"https:\/\/brannelund.se\/","name":"Br\u00e4nnelunds G\u00e5rd","description":"Hyr ditt semesterhus p\u00e5 Br\u00e4nnelunds g\u00e5rd","potentialAction":[{"@type":"SearchAction","target":{"@type":"EntryPoint","urlTemplate":"https:\/\/brannelund.se\/?s={search_term_string}"},"query-input":"required name=search_term_string"}],"inLanguage":"en-US"}]}},"jetpack_sharing_enabled":true,"jetpack_shortlink":"https:\/\/wp.me\/P8u3ei-us","_links":{"self":[{"href":"https:\/\/brannelund.se\/en\/wp-json\/wp\/v2\/pages\/1888","targetHints":{"allow":["GET"]}}],"collection":[{"href":"https:\/\/brannelund.se\/en\/wp-json\/wp\/v2\/pages"}],"about":[{"href":"https:\/\/brannelund.se\/en\/wp-json\/wp\/v2\/types\/page"}],"author":[{"embeddable":true,"href":"https:\/\/brannelund.se\/en\/wp-json\/wp\/v2\/users\/1"}],"replies":[{"embeddable":true,"href":"https:\/\/brannelund.se\/en\/wp-json\/wp\/v2\/comments?post=1888"}],"version-history":[{"count":1,"href":"https:\/\/brannelund.se\/en\/wp-json\/wp\/v2\/pages\/1888\/revisions"}],"predecessor-version":[{"id":1889,"href":"https:\/\/brannelund.se\/en\/wp-json\/wp\/v2\/pages\/1888\/revisions\/1889"}],"wp:attachment":[{"href":"https:\/\/brannelund.se\/en\/wp-json\/wp\/v2\/media?parent=1888"}],"curies":[{"name":"wp","href":"https:\/\/api.w.org\/{rel}","templated":true}]}}